{"id":155,"date":"2018-05-24T14:58:37","date_gmt":"2018-05-24T12:58:37","guid":{"rendered":"http:\/\/www.hev-ev.de\/WP\/?page_id=155"},"modified":"2018-05-24T15:01:26","modified_gmt":"2018-05-24T13:01:26","slug":"karte","status":"publish","type":"page","link":"http:\/\/www.hev-ev.de\/WP\/karte\/","title":{"rendered":"Karte"},"content":{"rendered":"<p><img loading=\"lazy\" decoding=\"async\" data-attachment-id=\"99\" data-permalink=\"http:\/\/www.hev-ev.de\/WP\/karte\/plan_ostbahnhof\/#main\" data-orig-file=\"http:\/\/www.hev-ev.de\/WP\/wp-content\/uploads\/2018\/05\/plan_ostbahnhof.png\" data-orig-size=\"577,428\" data-comments-opened=\"1\" data-image-meta=\"{&quot;aperture&quot;:&quot;0&quot;,&quot;credit&quot;:&quot;&quot;,&quot;camera&quot;:&quot;&quot;,&quot;caption&quot;:&quot;&quot;,&quot;created_timestamp&quot;:&quot;0&quot;,&quot;copyright&quot;:&quot;&quot;,&quot;focal_length&quot;:&quot;0&quot;,&quot;iso&quot;:&quot;0&quot;,&quot;shutter_speed&quot;:&quot;0&quot;,&quot;title&quot;:&quot;&quot;,&quot;orientation&quot;:&quot;0&quot;}\" data-image-title=\"Plan Heiligenstadt\" data-image-description=\"\" data-image-caption=\"\" data-large-file=\"http:\/\/www.hev-ev.de\/WP\/wp-content\/uploads\/2018\/05\/plan_ostbahnhof.png\" class=\"aligncenter size-full wp-image-99\" src=\"http:\/\/www.hev-ev.de\/WP\/wp-content\/uploads\/2018\/05\/plan_ostbahnhof.png\" alt=\"\" width=\"577\" height=\"428\" srcset=\"http:\/\/www.hev-ev.de\/WP\/wp-content\/uploads\/2018\/05\/plan_ostbahnhof.png 577w, http:\/\/www.hev-ev.de\/WP\/wp-content\/uploads\/2018\/05\/plan_ostbahnhof-300x223.png 300w\" sizes=\"auto, (max-width: 577px) 100vw, 577px\" \/>Der Ostbahnhof in Heiligenstadt befindet sich im s\u00fcd\u00f6stlichen Teil der Stadt an der Dingelst\u00e4dter Stra\u00dfe. Das gro\u00dfe Freigel\u00e4nde ist recht schnell zu finden. In der N\u00e4he befindet sich das Stadthotel, das Cosmic-Bowling-Freizeitcenter und ein Lidl-Markt.<\/p>\n","protected":false},"excerpt":{"rendered":"<p>Der Ostbahnhof in Heiligenstadt befindet sich im s\u00fcd\u00f6stlichen Teil der Stadt an [&hellip;]<\/p>\n","protected":false},"author":1,"featured_media":0,"parent":0,"menu_order":0,"comment_status":"closed","ping_status":"closed","template":"","meta":{"footnotes":""},"class_list":["post-155","page","type-page","status-publish","hentry"],"jetpack_shortlink":"https:\/\/wp.me\/P9Wwfz-2v","jetpack_sharing_enabled":true,"_links":{"self":[{"href":"http:\/\/www.hev-ev.de\/WP\/wp-json\/wp\/v2\/pages\/155","targetHints":{"allow":["GET"]}}],"collection":[{"href":"http:\/\/www.hev-ev.de\/WP\/wp-json\/wp\/v2\/pages"}],"about":[{"href":"http:\/\/www.hev-ev.de\/WP\/wp-json\/wp\/v2\/types\/page"}],"author":[{"embeddable":true,"href":"http:\/\/www.hev-ev.de\/WP\/wp-json\/wp\/v2\/users\/1"}],"replies":[{"embeddable":true,"href":"http:\/\/www.hev-ev.de\/WP\/wp-json\/wp\/v2\/comments?post=155"}],"version-history":[{"count":2,"href":"http:\/\/www.hev-ev.de\/WP\/wp-json\/wp\/v2\/pages\/155\/revisions"}],"predecessor-version":[{"id":158,"href":"http:\/\/www.hev-ev.de\/WP\/wp-json\/wp\/v2\/pages\/155\/revisions\/158"}],"wp:attachment":[{"href":"http:\/\/www.hev-ev.de\/WP\/wp-json\/wp\/v2\/media?parent=155"}],"curies":[{"name":"wp","href":"https:\/\/api.w.org\/{rel}","templated":true}]}}