{"id":12,"date":"2018-05-23T10:07:55","date_gmt":"2018-05-23T08:07:55","guid":{"rendered":"http:\/\/www.hev-ev.de\/WP\/?page_id=12"},"modified":"2018-05-24T13:19:03","modified_gmt":"2018-05-24T11:19:03","slug":"ein-startseiten-abschnitt","status":"publish","type":"page","link":"http:\/\/www.hev-ev.de\/WP\/ein-startseiten-abschnitt\/","title":{"rendered":"Ein Startseiten-Abschnitt"},"content":{"rendered":"\n<!-- NOTE: If you need to make changes to this file, copy it to your current theme's main\n\tdirectory so your changes won't be overwritten when the plugin is upgraded. -->\n\n<!-- Post Wrap Start-->\n<div class=\"post hentry ivycat-post\">\n\n\t<!-- \tThis outputs the post TITLE -->\n\t<h2 class=\"entry-title\"><a href=\"http:\/\/www.hev-ev.de\/WP\/2019\/11\/05\/unsere-fahrzeuge-sind-wieder-online\/\">Unsere Fahrzeuge sind wieder online!<\/a><\/h2>\n\n\t<!-- \tThis outputs the post EXCERPT.  To display full content including images and html,\n\t\treplace the_excerpt(); with the_content();  below. -->\n\t<div class=\"entry-summary\">\n\t\t<p>Endlich ist es wieder soweit. Auf unserer Homepage www.hev-ev.de sind wieder unsere Fahrzeuge zu sehen. Dank Hans-Reinhard Kirsch wurden die Beitr\u00e4ge aktualisiert, teilweise mit neuen Fotos versehen und ins Netz gestellt. Viel Spa\u00df damit!<\/p>\n\t<\/div>\n\n\t<!--\tThis outputs the post META information -->\n\t<div class=\"entry-utility\">\n\t\t\t\t\t<span class=\"cat-links\">\n\t\t\t\t<span class=\"entry-utility-prep entry-utility-prep-cat-links\">Posted in<\/span> <a href=\"http:\/\/www.hev-ev.de\/WP\/category\/newsletter\/\" rel=\"category tag\">Newsletter<\/a>\t\t\t<\/span>\n\t\t\t<span class=\"meta-sep\">|<\/span>\n\t\t\t\t\t\t\t<span class=\"tag-links\">\n\t\t\t\t<span class=\"entry-utility-prep entry-utility-prep-tag-links\">Tagged<\/span> <a href=\"http:\/\/www.hev-ev.de\/WP\/tag\/fahrzeuge\/\" rel=\"tag\">Fahrzeuge<\/a>, <a href=\"http:\/\/www.hev-ev.de\/WP\/tag\/news\/\" rel=\"tag\">News<\/a>\t\t\t<\/span>\n\t\t\t<span class=\"meta-sep\">|<\/span>\n\t\t\t\t<span class=\"comments-link\">\n\t\t\t<a href=\"http:\/\/www.hev-ev.de\/WP\/2019\/11\/05\/unsere-fahrzeuge-sind-wieder-online\/#respond\">Leave a comment<\/a>\t\t<\/span>\n\t\t\t<\/div>\n<\/div>\n<!-- \/\/ Post Wrap End -->\n\n<!-- NOTE: If you need to make changes to this file, copy it to your current theme's main\n\tdirectory so your changes won't be overwritten when the plugin is upgraded. -->\n\n<!-- Post Wrap Start-->\n<div class=\"post hentry ivycat-post\">\n\n\t<!-- \tThis outputs the post TITLE -->\n\t<h2 class=\"entry-title\"><a href=\"http:\/\/www.hev-ev.de\/WP\/2019\/09\/26\/hallo-welt\/\">Liebe Freunde!<\/a><\/h2>\n\n\t<!-- \tThis outputs the post EXCERPT.  To display full content including images and html,\n\t\treplace the_excerpt(); with the_content();  below. -->\n\t<div class=\"entry-summary\">\n\t\t<p>Lange hat es gebraucht, bis unsere neue Seite online ist. Daf\u00fcr haben wir aber auch einiges gemacht: Wir haben das System der Seite komplett ge\u00e4ndert und auch die Anpassungen gem\u00e4\u00df der europ\u00e4ischen Datenschutz-Grundverordnung vorgenommen. Ab heute sind die Termine wieder aktuell und sie bleiben es auch. Das G\u00e4stebuch haben wir in Zeiten von Facebook und [&hellip;]<\/p>\n\t<\/div>\n\n\t<!--\tThis outputs the post META information -->\n\t<div class=\"entry-utility\">\n\t\t\t\t\t<span class=\"cat-links\">\n\t\t\t\t<span class=\"entry-utility-prep entry-utility-prep-cat-links\">Posted in<\/span> <a href=\"http:\/\/www.hev-ev.de\/WP\/category\/newsletter\/\" rel=\"category tag\">Newsletter<\/a>\t\t\t<\/span>\n\t\t\t<span class=\"meta-sep\">|<\/span>\n\t\t\t\t\t\t<span class=\"comments-link\">\n\t\t\t<span>Kommentare deaktiviert<span class=\"screen-reader-text\"> f\u00fcr Liebe Freunde!<\/span><\/span>\t\t<\/span>\n\t\t\t<\/div>\n<\/div>\n<!-- \/\/ Post Wrap End -->\n\n","protected":false},"excerpt":{"rendered":"","protected":false},"author":1,"featured_media":0,"parent":0,"menu_order":0,"comment_status":"closed","ping_status":"closed","template":"","meta":{"saved_in_kubio":false,"footnotes":""},"class_list":["post-12","page","type-page","status-publish","hentry"],"kubio_ai_page_context":{"short_desc":"","purpose":"general"},"jetpack_shortlink":"https:\/\/wp.me\/P9Wwfz-c","jetpack_sharing_enabled":true,"_links":{"self":[{"href":"http:\/\/www.hev-ev.de\/WP\/wp-json\/wp\/v2\/pages\/12","targetHints":{"allow":["GET"]}}],"collection":[{"href":"http:\/\/www.hev-ev.de\/WP\/wp-json\/wp\/v2\/pages"}],"about":[{"href":"http:\/\/www.hev-ev.de\/WP\/wp-json\/wp\/v2\/types\/page"}],"author":[{"embeddable":true,"href":"http:\/\/www.hev-ev.de\/WP\/wp-json\/wp\/v2\/users\/1"}],"replies":[{"embeddable":true,"href":"http:\/\/www.hev-ev.de\/WP\/wp-json\/wp\/v2\/comments?post=12"}],"version-history":[{"count":4,"href":"http:\/\/www.hev-ev.de\/WP\/wp-json\/wp\/v2\/pages\/12\/revisions"}],"predecessor-version":[{"id":127,"href":"http:\/\/www.hev-ev.de\/WP\/wp-json\/wp\/v2\/pages\/12\/revisions\/127"}],"wp:attachment":[{"href":"http:\/\/www.hev-ev.de\/WP\/wp-json\/wp\/v2\/media?parent=12"}],"curies":[{"name":"wp","href":"https:\/\/api.w.org\/{rel}","templated":true}]}}